{"id":91109,"date":"2021-11-25T14:47:27","date_gmt":"2021-11-25T13:47:27","guid":{"rendered":"https:\/\/waterair-nvme.adipso.fr\/?page_id=91109"},"modified":"2026-01-27T10:20:24","modified_gmt":"2026-01-27T09:20:24","slug":"bazeny-a-vybavenie","status":"publish","type":"page","link":"https:\/\/www.waterair.com\/sk\/bazeny-a-vybavenie","title":{"rendered":"Baz\u00e9ny a vybavenie"},"content":{"rendered":"<div class=\"container block--core-heading\"><div class=\"row\"><div class=\"col-12 \">\n<h2 class=\"wp-block-heading\">Dajte \u017eivot v\u00e1\u0161mu vysn\u00edvan\u00e9mu baz\u00e9nu!<\/h2>\n<\/div><\/div><\/div>\n\n<div class=\"container block--core-paragraph\"><div class=\"row\"><div class=\"col-12 \">\n<p>Nechajte sa riadi\u0165 va\u0161imi t\u00fa\u017ebami a vyberte si tvar a vybavenie, ktor\u00e9 vyhovuj\u00fa ve\u013ekosti v\u00e1\u0161ho pozemku a tomu, ako chcete pou\u017e\u00edva\u0165 v\u00e1\u0161 baz\u00e9n. V\u010faka softv\u00e9ru roz\u0161\u00edrenej reality si m\u00f4\u017eete vizualizova\u0165 baz\u00e9n vo va\u0161ej z\u00e1hrade. K tomu sta\u010d\u00ed jednoduch\u00e9 stretnutie! T\u00e1to \u0161t\u00fadia je osobn\u00e1 a bezplatn\u00e1 a umo\u017en\u00ed v\u00e1m stretn\u00fa\u0165 sa s konzultantom, ktor\u00fd v\u00e1s bude sprev\u00e1dza\u0165 po\u010das cel\u00e9ho projektu a urob\u00ed z v\u00e1\u0161ho vysn\u00edvan\u00e9ho baz\u00e9na realitu.<\/p>\n<\/div><\/div><\/div>","protected":false},"excerpt":{"rendered":"<p>Dajte \u017eivot v\u00e1\u0161mu vysn\u00edvan\u00e9mu baz\u00e9nu! Nechajte sa riadi\u0165 va\u0161imi t\u00fa\u017ebami a vyberte si tvar a vybavenie, ktor\u00e9 vyhovuj\u00fa ve\u013ekosti v\u00e1\u0161ho pozemku a tomu, ako chcete pou\u017e\u00edva\u0165 v\u00e1\u0161 baz\u00e9n. V\u010faka softv\u00e9ru roz\u0161\u00edrenej reality si m\u00f4\u017eete vizualizova\u0165 baz\u00e9n vo va\u0161ej z\u00e1hrade. K tomu sta\u010d\u00ed jednoduch\u00e9 stretnutie! T\u00e1to \u0161t\u00fadia je osobn\u00e1 a bezplatn\u00e1 a umo\u017en\u00ed v\u00e1m stretn\u00fa\u0165 sa [&hellip;]<\/p>\n","protected":false},"author":11,"featured_media":0,"parent":0,"menu_order":0,"comment_status":"closed","ping_status":"closed","template":"archive-pool.php","meta":{"_acf_changed":false,"om_disable_all_campaigns":false,"footnotes":""},"class_list":["post-91109","page","type-page","status-publish","hentry"],"acf":[],"yoast_head":"<!-- This site is optimized with the Yoast SEO Premium plugin v25.4 (Yoast SEO v27.2) - https:\/\/yoast.com\/product\/yoast-seo-premium-wordpress\/ -->\n<title>Baz\u00e9ny a vybavenie pre presonaliz\u00e1ciu svojho projektu | Baz\u00e9ny Waterair<\/title>\n<meta name=\"description\" content=\"Spoznajte na\u0161u ponuku baz\u00e9nov a vybavenia, tkor\u00e9 boli navrhnut\u00e9 \u0161peci\u00e1lne pre va\u0161e pohodlie a bezpe\u010dnos\u0165.\" \/>\n<meta name=\"robots\" content=\"index, follow, max-snippet:-1, max-image-preview:large, max-video-preview:-1\" \/>\n<link rel=\"canonical\" href=\"https:\/\/www.waterair.com\/sk\/bazeny-a-vybavenie\" \/>\n<meta property=\"og:locale\" content=\"sk_SK\" \/>\n<meta property=\"og:type\" content=\"article\" \/>\n<meta property=\"og:title\" content=\"Baz\u00e9ny a vybavenie\" \/>\n<meta property=\"og:description\" content=\"Spoznajte na\u0161u ponuku baz\u00e9nov a vybavenia, tkor\u00e9 boli navrhnut\u00e9 \u0161peci\u00e1lne pre va\u0161e pohodlie a bezpe\u010dnos\u0165.\" \/>\n<meta property=\"og:url\" content=\"https:\/\/www.waterair.com\/sk\/bazeny-a-vybavenie\" \/>\n<meta property=\"og:site_name\" content=\"Baz\u00e9ny Waterair\" \/>\n<meta property=\"article:modified_time\" content=\"2026-01-27T09:20:24+00:00\" \/>\n<meta name=\"twitter:card\" content=\"summary_large_image\" \/>\n<meta name=\"twitter:label1\" content=\"Predpokladan\u00fd \u010das \u010d\u00edtania\" \/>\n\t<meta name=\"twitter:data1\" content=\"2 min\u00faty\" \/>\n<script type=\"application\/ld+json\" class=\"yoast-schema-graph\">{\"@context\":\"https:\/\/schema.org\",\"@graph\":[{\"@type\":\"WebPage\",\"@id\":\"https:\/\/www.waterair.com\/sk\/bazeny-a-vybavenie\",\"url\":\"https:\/\/www.waterair.com\/sk\/bazeny-a-vybavenie\",\"name\":\"Baz\u00e9ny a vybavenie pre presonaliz\u00e1ciu svojho projektu | Baz\u00e9ny Waterair\",\"isPartOf\":{\"@id\":\"https:\/\/www.waterair.com\/sk\/#website\"},\"datePublished\":\"2021-11-25T13:47:27+00:00\",\"dateModified\":\"2026-01-27T09:20:24+00:00\",\"description\":\"Spoznajte na\u0161u ponuku baz\u00e9nov a vybavenia, tkor\u00e9 boli navrhnut\u00e9 \u0161peci\u00e1lne pre va\u0161e pohodlie a bezpe\u010dnos\u0165.\",\"breadcrumb\":{\"@id\":\"https:\/\/www.waterair.com\/sk\/bazeny-a-vybavenie#breadcrumb\"},\"inLanguage\":\"sk-SK\",\"potentialAction\":[{\"@type\":\"ReadAction\",\"target\":[\"https:\/\/www.waterair.com\/sk\/bazeny-a-vybavenie\"]}]},{\"@type\":\"BreadcrumbList\",\"@id\":\"https:\/\/www.waterair.com\/sk\/bazeny-a-vybavenie#breadcrumb\",\"itemListElement\":[{\"@type\":\"ListItem\",\"position\":1,\"name\":\"Domov\",\"item\":\"https:\/\/www.waterair.com\/sk\"},{\"@type\":\"ListItem\",\"position\":2,\"name\":\"Baz\u00e9ny a vybavenie\"}]},{\"@type\":\"WebSite\",\"@id\":\"https:\/\/www.waterair.com\/sk\/#website\",\"url\":\"https:\/\/www.waterair.com\/sk\/\",\"name\":\"Baz\u00e9ny Waterair\",\"description\":\"\",\"potentialAction\":[{\"@type\":\"SearchAction\",\"target\":{\"@type\":\"EntryPoint\",\"urlTemplate\":\"https:\/\/www.waterair.com\/sk\/?s={search_term_string}\"},\"query-input\":{\"@type\":\"PropertyValueSpecification\",\"valueRequired\":true,\"valueName\":\"search_term_string\"}}],\"inLanguage\":\"sk-SK\"}]}<\/script>\n<!-- \/ Yoast SEO Premium plugin. -->","yoast_head_json":{"title":"Baz\u00e9ny a vybavenie pre presonaliz\u00e1ciu svojho projektu | Baz\u00e9ny Waterair","description":"Spoznajte na\u0161u ponuku baz\u00e9nov a vybavenia, tkor\u00e9 boli navrhnut\u00e9 \u0161peci\u00e1lne pre va\u0161e pohodlie a bezpe\u010dnos\u0165.","robots":{"index":"index","follow":"follow","max-snippet":"max-snippet:-1","max-image-preview":"max-image-preview:large","max-video-preview":"max-video-preview:-1"},"canonical":"https:\/\/www.waterair.com\/sk\/bazeny-a-vybavenie","og_locale":"sk_SK","og_type":"article","og_title":"Baz\u00e9ny a vybavenie","og_description":"Spoznajte na\u0161u ponuku baz\u00e9nov a vybavenia, tkor\u00e9 boli navrhnut\u00e9 \u0161peci\u00e1lne pre va\u0161e pohodlie a bezpe\u010dnos\u0165.","og_url":"https:\/\/www.waterair.com\/sk\/bazeny-a-vybavenie","og_site_name":"Baz\u00e9ny Waterair","article_modified_time":"2026-01-27T09:20:24+00:00","twitter_card":"summary_large_image","twitter_misc":{"Predpokladan\u00fd \u010das \u010d\u00edtania":"2 min\u00faty"},"schema":{"@context":"https:\/\/schema.org","@graph":[{"@type":"WebPage","@id":"https:\/\/www.waterair.com\/sk\/bazeny-a-vybavenie","url":"https:\/\/www.waterair.com\/sk\/bazeny-a-vybavenie","name":"Baz\u00e9ny a vybavenie pre presonaliz\u00e1ciu svojho projektu | Baz\u00e9ny Waterair","isPartOf":{"@id":"https:\/\/www.waterair.com\/sk\/#website"},"datePublished":"2021-11-25T13:47:27+00:00","dateModified":"2026-01-27T09:20:24+00:00","description":"Spoznajte na\u0161u ponuku baz\u00e9nov a vybavenia, tkor\u00e9 boli navrhnut\u00e9 \u0161peci\u00e1lne pre va\u0161e pohodlie a bezpe\u010dnos\u0165.","breadcrumb":{"@id":"https:\/\/www.waterair.com\/sk\/bazeny-a-vybavenie#breadcrumb"},"inLanguage":"sk-SK","potentialAction":[{"@type":"ReadAction","target":["https:\/\/www.waterair.com\/sk\/bazeny-a-vybavenie"]}]},{"@type":"BreadcrumbList","@id":"https:\/\/www.waterair.com\/sk\/bazeny-a-vybavenie#breadcrumb","itemListElement":[{"@type":"ListItem","position":1,"name":"Domov","item":"https:\/\/www.waterair.com\/sk"},{"@type":"ListItem","position":2,"name":"Baz\u00e9ny a vybavenie"}]},{"@type":"WebSite","@id":"https:\/\/www.waterair.com\/sk\/#website","url":"https:\/\/www.waterair.com\/sk\/","name":"Baz\u00e9ny Waterair","description":"","potentialAction":[{"@type":"SearchAction","target":{"@type":"EntryPoint","urlTemplate":"https:\/\/www.waterair.com\/sk\/?s={search_term_string}"},"query-input":{"@type":"PropertyValueSpecification","valueRequired":true,"valueName":"search_term_string"}}],"inLanguage":"sk-SK"}]}},"_links":{"self":[{"href":"https:\/\/www.waterair.com\/sk\/wp-json\/wp\/v2\/pages\/91109","targetHints":{"allow":["GET"]}}],"collection":[{"href":"https:\/\/www.waterair.com\/sk\/wp-json\/wp\/v2\/pages"}],"about":[{"href":"https:\/\/www.waterair.com\/sk\/wp-json\/wp\/v2\/types\/page"}],"author":[{"embeddable":true,"href":"https:\/\/www.waterair.com\/sk\/wp-json\/wp\/v2\/users\/11"}],"replies":[{"embeddable":true,"href":"https:\/\/www.waterair.com\/sk\/wp-json\/wp\/v2\/comments?post=91109"}],"version-history":[{"count":5,"href":"https:\/\/www.waterair.com\/sk\/wp-json\/wp\/v2\/pages\/91109\/revisions"}],"predecessor-version":[{"id":585355,"href":"https:\/\/www.waterair.com\/sk\/wp-json\/wp\/v2\/pages\/91109\/revisions\/585355"}],"wp:attachment":[{"href":"https:\/\/www.waterair.com\/sk\/wp-json\/wp\/v2\/media?parent=91109"}],"curies":[{"name":"wp","href":"https:\/\/api.w.org\/{rel}","templated":true}]}}