{"id":37888,"date":"2021-10-29T21:23:45","date_gmt":"2021-10-29T19:23:45","guid":{"rendered":"https:\/\/waterair-preprod2.adipso.fr\/politique-de-confidentialite-2"},"modified":"2021-11-11T11:25:36","modified_gmt":"2021-11-11T10:25:36","slug":"politique-de-confidentialite-2","status":"publish","type":"page","link":"https:\/\/www.waterair.com\/tn-fr\/politique-de-confidentialite","title":{"rendered":"Politique de confidentialit\u00e9"},"content":{"rendered":"<div  class=\"block-content-media  content-block   has-no-title\">\n            <div class=\"container\">\n            <div class=\"row\">\n                <div class=\"col\">\n                    <div class=\"row flex-column flex-md-row \">\n                        <div class=\"content-block__col col-12 d-flex flex-column align-items-md-start order-lg-2\">\n                                                                                                                                                <div data-wa=\"fade-up\" data-wa-delay=\"400\" class=\"content-block__description text--sm text-weight--300 mb-0\">\n                                    <p>Nous vous informons que WATERAIR, soci\u00e9t\u00e9 par actions simplifi\u00e9e, ayant son si\u00e8ge Zone artisanale, 68580 \u00e0 SEPPOIS-LE-BAS, immatricul\u00e9e au Registre du Commerce et des Soci\u00e9t\u00e9s de Mulhouse, sous le num\u00e9ro 440 123 487 (ci-apr\u00e8s, \u00ab nous \u00bb), souhaite proc\u00e9der \u00e0 la collecte de donn\u00e9es \u00e0 caract\u00e8re personnel vous concernant (ci-apr\u00e8s, les \u00ab Donn\u00e9es \u00bb).<\/p>\n<p>Vos Donn\u00e9es sont recueillies afin de poursuivre les finalit\u00e9s suivantes :<\/p>\n<ul>\n<li>Prospection commerciale ;<\/li>\n<li>Gestion des newsletters ;<\/li>\n<li>Gestion des offres promotionnelles personnalis\u00e9es ;<\/li>\n<li>Mesures d&#8217;audience et de statistiques ;<\/li>\n<li>G\u00e9olocalisation, pour vous proposer le bon pays dans la liste d\u00e9roulante ;<\/li>\n<li>Retargeting \/ Remarketing ;<\/li>\n<li>Ex\u00e9cution du contrat ;<\/li>\n<li>Enqu\u00eates de satisfaction ;<\/li>\n<li>Transfert \u00e0 des sous-traitants dans les domaines d&#8217;activit\u00e9 suivants : informatique, commerce, financier, marketing, communication, logistique et industriel pour la bonne ex\u00e9cution du contrat et le suivi de la relation clients.<\/li>\n<\/ul>\n<p>Vos Donn\u00e9es sont conserv\u00e9es pendant une dur\u00e9e strictement n\u00e9cessaire \u00e0 l&#8217;exercice de ces finalit\u00e9s et sont destin\u00e9es \u00e0 \u00eatre consult\u00e9es par nos services internes ainsi que par nos prestataires.<\/p>\n<p>Compte tenu de l&#8217;\u00e9tat des connaissances, des co\u00fbts de mise en \u0153uvre et de la nature, de la port\u00e9e, du contexte et des finalit\u00e9s des traitements effectu\u00e9s ainsi que des risques pour vos droits et libert\u00e9s, nous nous engageons \u00e0 mettre en place des mesures techniques et organisationnelles appropri\u00e9es afin de garantir la protection de vos Donn\u00e9es.<\/p>\n<p>Conform\u00e9ment au R\u00e8glement europ\u00e9en n\u00b0 2016\/679 du 27 avril 2016 ainsi que de la Loi n\u00b078-17 du 6 janvier 1978 modifi\u00e9e, nous vous informons que vous disposez du droit :<\/p>\n<ul>\n<li>D&#8217;acc\u00e9der et de rectifier vos Donn\u00e9es ;<\/li>\n<li>De vous opposer au traitement de vos Donn\u00e9es pour des motifs l\u00e9gitimes ;<\/li>\n<li>Dans les limites pr\u00e9vues par les textes, de demander \u00e0 ce que les traitements de Donn\u00e9es soient limit\u00e9s ou les Donn\u00e9es effac\u00e9es ;<\/li>\n<li>De retirer votre consentement \u00e0 tout moment ;<\/li>\n<li>De recevoir vos Donn\u00e9es dans un format structur\u00e9, couramment utilis\u00e9 et lisible afin de les transmettre \u00e0 un autre responsable de traitement (droit \u00e0 la portabilit\u00e9) ;<\/li>\n<li>De d\u00e9finir des directives relatives \u00e0 la conservation, \u00e0 l&#8217;effacement et \u00e0 la communication de vos Donn\u00e9es apr\u00e8s votre d\u00e9c\u00e8s.<\/li>\n<\/ul>\n<p>Par ailleurs, nous vous informons que vous disposez d&#8217;un droit d&#8217;opposition dans le cadre du profilage que nous r\u00e9alisons annuellement afin de vous proposer des offres personnalis\u00e9es.<\/p>\n<p>Pour exercer vos droits, nous vous invitons \u00e0 adresser votre demande, accompagn\u00e9e d&#8217;un justificatif d&#8217;identit\u00e9, par courriel, \u00e0 l&#8217;adresse mail suivante : rgpd@waterair.com.<\/p>\n<p>Nous vous informons par ailleurs que vous disposez du droit d&#8217;introduire une r\u00e9clamation aupr\u00e8s d&#8217;une autorit\u00e9 de contr\u00f4le.<\/p>\n<p>En acceptant les informations pr\u00e9sentes sur le bandeau cookie en bas de page, vous acceptez de communiquer vos Donn\u00e9es \u00e0 la soci\u00e9t\u00e9 WATERAIR dans le cadre des finalit\u00e9s d\u00e9crites ci-dessus.<\/p>\n                                <\/div>\n                                                                                        <div data-wa=\"fade-up\" data-wa-delay=\"500\">\n                                                                    <\/div>\n                                                    <\/div>\n                                            <\/div>\n                <\/div>\n            <\/div>\n        <\/div>\n    <\/div>","protected":false},"excerpt":{"rendered":"","protected":false},"author":1,"featured_media":0,"parent":0,"menu_order":0,"comment_status":"closed","ping_status":"closed","template":"","meta":{"_acf_changed":false,"om_disable_all_campaigns":false,"footnotes":""},"class_list":["post-37888","page","type-page","status-publish","hentry"],"acf":[],"yoast_head":"<!-- This site is optimized with the Yoast SEO Premium plugin v25.4 (Yoast SEO v27.2) - https:\/\/yoast.com\/product\/yoast-seo-premium-wordpress\/ -->\n<title>Politique de confidentialit\u00e9 | Piscines Waterair<\/title>\n<meta name=\"robots\" content=\"index, follow, max-snippet:-1, max-image-preview:large, max-video-preview:-1\" \/>\n<link rel=\"canonical\" href=\"https:\/\/www.waterair.com\/tn-fr\/politique-de-confidentialite\" \/>\n<meta property=\"og:locale\" content=\"fr_FR\" \/>\n<meta property=\"og:type\" content=\"article\" \/>\n<meta property=\"og:title\" content=\"Politique de confidentialit\u00e9\" \/>\n<meta property=\"og:url\" content=\"https:\/\/www.waterair.com\/tn-fr\/politique-de-confidentialite\" \/>\n<meta property=\"og:site_name\" content=\"Piscines Waterair\" \/>\n<meta property=\"article:modified_time\" content=\"2021-11-11T10:25:36+00:00\" \/>\n<meta name=\"twitter:card\" content=\"summary_large_image\" \/>\n<script type=\"application\/ld+json\" class=\"yoast-schema-graph\">{\"@context\":\"https:\/\/schema.org\",\"@graph\":[{\"@type\":\"WebPage\",\"@id\":\"https:\/\/www.waterair.com\/tn-fr\/politique-de-confidentialite\",\"url\":\"https:\/\/www.waterair.com\/tn-fr\/politique-de-confidentialite\",\"name\":\"Politique de confidentialit\u00e9 | Piscines Waterair\",\"isPartOf\":{\"@id\":\"https:\/\/www.waterair.com\/tn-fr\/#website\"},\"datePublished\":\"2021-10-29T19:23:45+00:00\",\"dateModified\":\"2021-11-11T10:25:36+00:00\",\"breadcrumb\":{\"@id\":\"https:\/\/www.waterair.com\/tn-fr\/politique-de-confidentialite#breadcrumb\"},\"inLanguage\":\"fr-TN\",\"potentialAction\":[{\"@type\":\"ReadAction\",\"target\":[\"https:\/\/www.waterair.com\/tn-fr\/politique-de-confidentialite\"]}]},{\"@type\":\"BreadcrumbList\",\"@id\":\"https:\/\/www.waterair.com\/tn-fr\/politique-de-confidentialite#breadcrumb\",\"itemListElement\":[{\"@type\":\"ListItem\",\"position\":1,\"name\":\"Accueil\",\"item\":\"https:\/\/www.waterair.com\/tn-fr\"},{\"@type\":\"ListItem\",\"position\":2,\"name\":\"Politique de confidentialit\u00e9\"}]},{\"@type\":\"WebSite\",\"@id\":\"https:\/\/www.waterair.com\/tn-fr\/#website\",\"url\":\"https:\/\/www.waterair.com\/tn-fr\/\",\"name\":\"Piscines Waterair\",\"description\":\"\",\"potentialAction\":[{\"@type\":\"SearchAction\",\"target\":{\"@type\":\"EntryPoint\",\"urlTemplate\":\"https:\/\/www.waterair.com\/tn-fr\/?s={search_term_string}\"},\"query-input\":{\"@type\":\"PropertyValueSpecification\",\"valueRequired\":true,\"valueName\":\"search_term_string\"}}],\"inLanguage\":\"fr-TN\"}]}<\/script>\n<!-- \/ Yoast SEO Premium plugin. -->","yoast_head_json":{"title":"Politique de confidentialit\u00e9 | Piscines Waterair","robots":{"index":"index","follow":"follow","max-snippet":"max-snippet:-1","max-image-preview":"max-image-preview:large","max-video-preview":"max-video-preview:-1"},"canonical":"https:\/\/www.waterair.com\/tn-fr\/politique-de-confidentialite","og_locale":"fr_FR","og_type":"article","og_title":"Politique de confidentialit\u00e9","og_url":"https:\/\/www.waterair.com\/tn-fr\/politique-de-confidentialite","og_site_name":"Piscines Waterair","article_modified_time":"2021-11-11T10:25:36+00:00","twitter_card":"summary_large_image","schema":{"@context":"https:\/\/schema.org","@graph":[{"@type":"WebPage","@id":"https:\/\/www.waterair.com\/tn-fr\/politique-de-confidentialite","url":"https:\/\/www.waterair.com\/tn-fr\/politique-de-confidentialite","name":"Politique de confidentialit\u00e9 | Piscines Waterair","isPartOf":{"@id":"https:\/\/www.waterair.com\/tn-fr\/#website"},"datePublished":"2021-10-29T19:23:45+00:00","dateModified":"2021-11-11T10:25:36+00:00","breadcrumb":{"@id":"https:\/\/www.waterair.com\/tn-fr\/politique-de-confidentialite#breadcrumb"},"inLanguage":"fr-TN","potentialAction":[{"@type":"ReadAction","target":["https:\/\/www.waterair.com\/tn-fr\/politique-de-confidentialite"]}]},{"@type":"BreadcrumbList","@id":"https:\/\/www.waterair.com\/tn-fr\/politique-de-confidentialite#breadcrumb","itemListElement":[{"@type":"ListItem","position":1,"name":"Accueil","item":"https:\/\/www.waterair.com\/tn-fr"},{"@type":"ListItem","position":2,"name":"Politique de confidentialit\u00e9"}]},{"@type":"WebSite","@id":"https:\/\/www.waterair.com\/tn-fr\/#website","url":"https:\/\/www.waterair.com\/tn-fr\/","name":"Piscines Waterair","description":"","potentialAction":[{"@type":"SearchAction","target":{"@type":"EntryPoint","urlTemplate":"https:\/\/www.waterair.com\/tn-fr\/?s={search_term_string}"},"query-input":{"@type":"PropertyValueSpecification","valueRequired":true,"valueName":"search_term_string"}}],"inLanguage":"fr-TN"}]}},"_links":{"self":[{"href":"https:\/\/www.waterair.com\/tn-fr\/wp-json\/wp\/v2\/pages\/37888","targetHints":{"allow":["GET"]}}],"collection":[{"href":"https:\/\/www.waterair.com\/tn-fr\/wp-json\/wp\/v2\/pages"}],"about":[{"href":"https:\/\/www.waterair.com\/tn-fr\/wp-json\/wp\/v2\/types\/page"}],"author":[{"embeddable":true,"href":"https:\/\/www.waterair.com\/tn-fr\/wp-json\/wp\/v2\/users\/1"}],"replies":[{"embeddable":true,"href":"https:\/\/www.waterair.com\/tn-fr\/wp-json\/wp\/v2\/comments?post=37888"}],"version-history":[{"count":5,"href":"https:\/\/www.waterair.com\/tn-fr\/wp-json\/wp\/v2\/pages\/37888\/revisions"}],"predecessor-version":[{"id":583237,"href":"https:\/\/www.waterair.com\/tn-fr\/wp-json\/wp\/v2\/pages\/37888\/revisions\/583237"}],"wp:attachment":[{"href":"https:\/\/www.waterair.com\/tn-fr\/wp-json\/wp\/v2\/media?parent=37888"}],"curies":[{"name":"wp","href":"https:\/\/api.w.org\/{rel}","templated":true}]}}